{"id":24,"date":"2022-08-27T00:34:33","date_gmt":"2022-08-27T00:34:33","guid":{"rendered":"https:\/\/teams.issibern.ch\/upstreammesoscaletransients\/?page_id=24"},"modified":"2024-04-26T16:48:04","modified_gmt":"2024-04-26T16:48:04","slug":"team-members","status":"publish","type":"page","link":"https:\/\/teams.issibern.ch\/upstreammesoscaletransients\/team-members\/","title":{"rendered":"Team Members"},"content":{"rendered":"<table>\n<tr>\n<td><span style=\"color: #000000\">Primo\u017e Kajdi\u010d (team leader)<\/span><\/td>\n<td><span style=\"color: #000000\">Geophysics Institute, UNAM, Mexico<\/span><\/td>\n<\/tr>\n<tr>\n<td><span style=\"color: #000000\">X\u00f3chitl Blanco-Cano (co-leader)<\/span><\/td>\n<td><span style=\"color: #000000\">Geophysics Institute, UNAM, Mexico<\/span><\/td>\n<\/tr>\n<tr>\n<td><span style=\"color: #000000\">Lucile Turc<\/span><\/td>\n<td><span style=\"color: #000000\">University of Helsinki, Finland<\/span><\/td>\n<\/tr>\n<tr>\n<td><span style=\"color: #000000\">Yann Kempf<\/span><\/td>\n<td><span style=\"color: #000000\">University of Helsinki, Finland<\/span><\/td>\n<\/tr>\n<tr>\n<td><span style=\"color: #000000\">David G. Sibeck<\/span><\/td>\n<td><span style=\"color: #000000\">NASA GSFC, USA<\/span><\/td>\n<\/tr>\n<tr>\n<td><span style=\"color: #000000\">Terry Z. Liu<\/span><\/td>\n<td><span style=\"color: #000000\">University of California, Los Angeles, USA<\/span><\/td>\n<\/tr>\n<tr>\n<td><span style=\"color: #000000\">Hui Zhang<\/span><\/td>\n<td><span style=\"color: #000000\">Geophysical Institute, University of Alaska Fairbanks, Fairbanks, USA<\/span><\/td>\n<\/tr>\n<tr>\n<td><span style=\"color: #000000\">Boyi Wang<\/span><\/td>\n<td><span style=\"color: #000000\">Harbin Institute of Technology (Shenzhen), China<\/span><\/td>\n<\/tr>\n<tr>\n<td><span style=\"color: #000000\">Yufei Hao<\/span><\/td>\n<td><span style=\"color: #000000\">KLPS, PMO, Chinese Academy of Sciences, China<\/span><\/td>\n<\/tr>\n<tr>\n<td><span style=\"color: #000000\">Martin O. Archer<\/span><\/td>\n<td><span style=\"color: #000000\">Imperial College London, UK<\/span><\/td>\n<\/tr>\n<tr>\n<td><span style=\"color: #000000\">Nojan Omidi<\/span><\/td>\n<td><span style=\"color: #000000\">Solana Scientific Inc., USA<\/span><\/td>\n<\/tr>\n<tr>\n<td><span style=\"color: #000000\">Yu Lin<\/span><\/td>\n<td><span style=\"color: #000000\">Physics Department, Auburn University, USA<\/span><\/td>\n<\/tr>\n<\/table>\n<p><strong><span style=\"color: #0000ff\">Young scientists<\/span><\/strong><\/p>\n<table>\n<tr>\n<td><span style=\"color: #000000\">Savvas Raptis<\/span><\/td>\n<td><span style=\"color: #000000\">ESTEC, ESA, Noordwijk, The Netherlands<\/span><\/td>\n<\/tr>\n<tr>\n<td><span style=\"color: #000000\">Adrian Lamoury<\/span><\/td>\n<td><span style=\"color: #000000\">Space and Atmospheric Physics, Blackett Laboratory, Imperial College London, UK<\/span><\/td>\n<\/tr>\n<\/table>\n<div id='gallery-1' class='gallery galleryid-24 gallery-columns-3 gallery-size-medium'><figure class='gallery-item'>\n\t\t\t<div class='gallery-icon landscape'>\n\t\t\t\t<a href='https:\/\/teams.issibern.ch\/upstreammesoscaletransients\/team-members\/img_9927\/'><img loading=\"lazy\" decoding=\"async\" width=\"300\" height=\"200\" src=\"https:\/\/teams.issibern.ch\/upstreammesoscaletransients\/wp-content\/uploads\/sites\/58\/2024\/04\/IMG_9927-300x200.jpg\" class=\"attachment-medium size-medium\" alt=\"\" aria-describedby=\"gallery-1-137\" srcset=\"https:\/\/teams.issibern.ch\/upstreammesoscaletransients\/wp-content\/uploads\/sites\/58\/2024\/04\/IMG_9927-300x200.jpg 300w, https:\/\/teams.issibern.ch\/upstreammesoscaletransients\/wp-content\/uploads\/sites\/58\/2024\/04\/IMG_9927-1024x683.jpg 1024w, https:\/\/teams.issibern.ch\/upstreammesoscaletransients\/wp-content\/uploads\/sites\/58\/2024\/04\/IMG_9927-768x512.jpg 768w, https:\/\/teams.issibern.ch\/upstreammesoscaletransients\/wp-content\/uploads\/sites\/58\/2024\/04\/IMG_9927-1536x1024.jpg 1536w, https:\/\/teams.issibern.ch\/upstreammesoscaletransients\/wp-content\/uploads\/sites\/58\/2024\/04\/IMG_9927-2048x1365.jpg 2048w\" sizes=\"auto, (max-width: 300px) 100vw, 300px\" \/><\/a>\n\t\t\t<\/div>\n\t\t\t\t<figcaption class='wp-caption-text gallery-caption' id='gallery-1-137'>\n\t\t\t\tFirst team meeitng in Bern, Switzerland. 20-24 February 2023.\n\t\t\t\t<\/figcaption><\/figure><figure class='gallery-item'>\n\t\t\t<div class='gallery-icon landscape'>\n\t\t\t\t<a href='https:\/\/teams.issibern.ch\/upstreammesoscaletransients\/team-members\/issi2023_photo2\/'><img loading=\"lazy\" decoding=\"async\" width=\"300\" height=\"166\" src=\"https:\/\/teams.issibern.ch\/upstreammesoscaletransients\/wp-content\/uploads\/sites\/58\/2024\/04\/ISSI2023_Photo2-300x166.png\" class=\"attachment-medium size-medium\" alt=\"\" srcset=\"https:\/\/teams.issibern.ch\/upstreammesoscaletransients\/wp-content\/uploads\/sites\/58\/2024\/04\/ISSI2023_Photo2-300x166.png 300w, https:\/\/teams.issibern.ch\/upstreammesoscaletransients\/wp-content\/uploads\/sites\/58\/2024\/04\/ISSI2023_Photo2-1024x567.png 1024w, https:\/\/teams.issibern.ch\/upstreammesoscaletransients\/wp-content\/uploads\/sites\/58\/2024\/04\/ISSI2023_Photo2-768x425.png 768w, https:\/\/teams.issibern.ch\/upstreammesoscaletransients\/wp-content\/uploads\/sites\/58\/2024\/04\/ISSI2023_Photo2-1536x850.png 1536w, https:\/\/teams.issibern.ch\/upstreammesoscaletransients\/wp-content\/uploads\/sites\/58\/2024\/04\/ISSI2023_Photo2.png 1770w\" sizes=\"auto, (max-width: 300px) 100vw, 300px\" \/><\/a>\n\t\t\t<\/div><\/figure><figure class='gallery-item'>\n\t\t\t<div class='gallery-icon landscape'>\n\t\t\t\t<a href='https:\/\/teams.issibern.ch\/upstreammesoscaletransients\/team-members\/whatsapp-image-2024-04-22-at-09-25-56\/'><img loading=\"lazy\" decoding=\"async\" width=\"300\" height=\"225\" src=\"https:\/\/teams.issibern.ch\/upstreammesoscaletransients\/wp-content\/uploads\/sites\/58\/2024\/04\/WhatsApp-Image-2024-04-22-at-09.25.56-300x225.jpeg\" class=\"attachment-medium size-medium\" alt=\"\" srcset=\"https:\/\/teams.issibern.ch\/upstreammesoscaletransients\/wp-content\/uploads\/sites\/58\/2024\/04\/WhatsApp-Image-2024-04-22-at-09.25.56-300x225.jpeg 300w, https:\/\/teams.issibern.ch\/upstreammesoscaletransients\/wp-content\/uploads\/sites\/58\/2024\/04\/WhatsApp-Image-2024-04-22-at-09.25.56-1024x768.jpeg 1024w, https:\/\/teams.issibern.ch\/upstreammesoscaletransients\/wp-content\/uploads\/sites\/58\/2024\/04\/WhatsApp-Image-2024-04-22-at-09.25.56-768x576.jpeg 768w, https:\/\/teams.issibern.ch\/upstreammesoscaletransients\/wp-content\/uploads\/sites\/58\/2024\/04\/WhatsApp-Image-2024-04-22-at-09.25.56.jpeg 1288w\" sizes=\"auto, (max-width: 300px) 100vw, 300px\" \/><\/a>\n\t\t\t<\/div><\/figure>\n\t\t<\/div>\n\n<div id='gallery-2' class='gallery galleryid-24 gallery-columns-4 gallery-size-medium'><figure class='gallery-item'>\n\t\t\t<div class='gallery-icon landscape'>\n\t\t\t\t<a href='https:\/\/teams.issibern.ch\/upstreammesoscaletransients\/team-members\/whatsapp-image-2024-04-22-at-09-12-05-2\/'><img loading=\"lazy\" decoding=\"async\" width=\"300\" height=\"225\" src=\"https:\/\/teams.issibern.ch\/upstreammesoscaletransients\/wp-content\/uploads\/sites\/58\/2024\/04\/WhatsApp-Image-2024-04-22-at-09.12.05-2-300x225.jpeg\" class=\"attachment-medium size-medium\" alt=\"\" aria-describedby=\"gallery-2-131\" srcset=\"https:\/\/teams.issibern.ch\/upstreammesoscaletransients\/wp-content\/uploads\/sites\/58\/2024\/04\/WhatsApp-Image-2024-04-22-at-09.12.05-2-300x225.jpeg 300w, https:\/\/teams.issibern.ch\/upstreammesoscaletransients\/wp-content\/uploads\/sites\/58\/2024\/04\/WhatsApp-Image-2024-04-22-at-09.12.05-2-1024x768.jpeg 1024w, https:\/\/teams.issibern.ch\/upstreammesoscaletransients\/wp-content\/uploads\/sites\/58\/2024\/04\/WhatsApp-Image-2024-04-22-at-09.12.05-2-768x576.jpeg 768w, https:\/\/teams.issibern.ch\/upstreammesoscaletransients\/wp-content\/uploads\/sites\/58\/2024\/04\/WhatsApp-Image-2024-04-22-at-09.12.05-2-1536x1152.jpeg 1536w, https:\/\/teams.issibern.ch\/upstreammesoscaletransients\/wp-content\/uploads\/sites\/58\/2024\/04\/WhatsApp-Image-2024-04-22-at-09.12.05-2.jpeg 1600w\" sizes=\"auto, (max-width: 300px) 100vw, 300px\" \/><\/a>\n\t\t\t<\/div>\n\t\t\t\t<figcaption class='wp-caption-text gallery-caption' id='gallery-2-131'>\n\t\t\t\tTeam dinner during the EGU conference in Vienna, April 17 2024\n\t\t\t\t<\/figcaption><\/figure><figure class='gallery-item'>\n\t\t\t<div class='gallery-icon landscape'>\n\t\t\t\t<a href='https:\/\/teams.issibern.ch\/upstreammesoscaletransients\/team-members\/whatsapp-image-2024-04-22-at-09-12-06\/'><img loading=\"lazy\" decoding=\"async\" width=\"300\" height=\"225\" src=\"https:\/\/teams.issibern.ch\/upstreammesoscaletransients\/wp-content\/uploads\/sites\/58\/2024\/04\/WhatsApp-Image-2024-04-22-at-09.12.06-300x225.jpeg\" class=\"attachment-medium size-medium\" alt=\"\" srcset=\"https:\/\/teams.issibern.ch\/upstreammesoscaletransients\/wp-content\/uploads\/sites\/58\/2024\/04\/WhatsApp-Image-2024-04-22-at-09.12.06-300x225.jpeg 300w, https:\/\/teams.issibern.ch\/upstreammesoscaletransients\/wp-content\/uploads\/sites\/58\/2024\/04\/WhatsApp-Image-2024-04-22-at-09.12.06-1024x768.jpeg 1024w, https:\/\/teams.issibern.ch\/upstreammesoscaletransients\/wp-content\/uploads\/sites\/58\/2024\/04\/WhatsApp-Image-2024-04-22-at-09.12.06-768x576.jpeg 768w, https:\/\/teams.issibern.ch\/upstreammesoscaletransients\/wp-content\/uploads\/sites\/58\/2024\/04\/WhatsApp-Image-2024-04-22-at-09.12.06-1536x1152.jpeg 1536w, https:\/\/teams.issibern.ch\/upstreammesoscaletransients\/wp-content\/uploads\/sites\/58\/2024\/04\/WhatsApp-Image-2024-04-22-at-09.12.06.jpeg 1600w\" sizes=\"auto, (max-width: 300px) 100vw, 300px\" \/><\/a>\n\t\t\t<\/div><\/figure><figure class='gallery-item'>\n\t\t\t<div class='gallery-icon landscape'>\n\t\t\t\t<a href='https:\/\/teams.issibern.ch\/upstreammesoscaletransients\/team-members\/whatsapp-image-2024-04-22-at-09-12-05-3\/'><img loading=\"lazy\" decoding=\"async\" width=\"300\" height=\"225\" src=\"https:\/\/teams.issibern.ch\/upstreammesoscaletransients\/wp-content\/uploads\/sites\/58\/2024\/04\/WhatsApp-Image-2024-04-22-at-09.12.05-3-300x225.jpeg\" class=\"attachment-medium size-medium\" alt=\"\" srcset=\"https:\/\/teams.issibern.ch\/upstreammesoscaletransients\/wp-content\/uploads\/sites\/58\/2024\/04\/WhatsApp-Image-2024-04-22-at-09.12.05-3-300x225.jpeg 300w, https:\/\/teams.issibern.ch\/upstreammesoscaletransients\/wp-content\/uploads\/sites\/58\/2024\/04\/WhatsApp-Image-2024-04-22-at-09.12.05-3-1024x768.jpeg 1024w, https:\/\/teams.issibern.ch\/upstreammesoscaletransients\/wp-content\/uploads\/sites\/58\/2024\/04\/WhatsApp-Image-2024-04-22-at-09.12.05-3-768x576.jpeg 768w, https:\/\/teams.issibern.ch\/upstreammesoscaletransients\/wp-content\/uploads\/sites\/58\/2024\/04\/WhatsApp-Image-2024-04-22-at-09.12.05-3-1536x1152.jpeg 1536w, https:\/\/teams.issibern.ch\/upstreammesoscaletransients\/wp-content\/uploads\/sites\/58\/2024\/04\/WhatsApp-Image-2024-04-22-at-09.12.05-3.jpeg 1600w\" sizes=\"auto, (max-width: 300px) 100vw, 300px\" \/><\/a>\n\t\t\t<\/div><\/figure><figure class='gallery-item'>\n\t\t\t<div class='gallery-icon landscape'>\n\t\t\t\t<a href='https:\/\/teams.issibern.ch\/upstreammesoscaletransients\/team-members\/whatsapp-image-2024-04-22-at-09-12-05-1\/'><img loading=\"lazy\" decoding=\"async\" width=\"300\" height=\"225\" src=\"https:\/\/teams.issibern.ch\/upstreammesoscaletransients\/wp-content\/uploads\/sites\/58\/2024\/04\/WhatsApp-Image-2024-04-22-at-09.12.05-1-300x225.jpeg\" class=\"attachment-medium size-medium\" alt=\"\" srcset=\"https:\/\/teams.issibern.ch\/upstreammesoscaletransients\/wp-content\/uploads\/sites\/58\/2024\/04\/WhatsApp-Image-2024-04-22-at-09.12.05-1-300x225.jpeg 300w, https:\/\/teams.issibern.ch\/upstreammesoscaletransients\/wp-content\/uploads\/sites\/58\/2024\/04\/WhatsApp-Image-2024-04-22-at-09.12.05-1-1024x768.jpeg 1024w, https:\/\/teams.issibern.ch\/upstreammesoscaletransients\/wp-content\/uploads\/sites\/58\/2024\/04\/WhatsApp-Image-2024-04-22-at-09.12.05-1-768x576.jpeg 768w, https:\/\/teams.issibern.ch\/upstreammesoscaletransients\/wp-content\/uploads\/sites\/58\/2024\/04\/WhatsApp-Image-2024-04-22-at-09.12.05-1-1536x1152.jpeg 1536w, https:\/\/teams.issibern.ch\/upstreammesoscaletransients\/wp-content\/uploads\/sites\/58\/2024\/04\/WhatsApp-Image-2024-04-22-at-09.12.05-1.jpeg 1600w\" sizes=\"auto, (max-width: 300px) 100vw, 300px\" \/><\/a>\n\t\t\t<\/div><\/figure>\n\t\t<\/div>\n\n","protected":false},"excerpt":{"rendered":"<p>Primo\u017e Kajdi\u010d (team leader) Geophysics Institute, UNAM, Mexico X\u00f3chitl Blanco-Cano (co-leader) Geophysics Institute, UNAM, Mexico Lucile Turc University of Helsinki, Finland Yann Kempf University of Helsinki, Finland David G. Sibeck NASA GSFC, USA Terry Z. Liu University of California, Los Angeles, USA Hui Zhang Geophysical Institute, University of Alaska Fairbanks, Fairbanks, USA Boyi Wang Harbin [&hellip;]<\/p>\n","protected":false},"author":58,"featured_media":0,"parent":0,"menu_order":0,"comment_status":"closed","ping_status":"closed","template":"","meta":{"footnotes":""},"class_list":["post-24","page","type-page","status-publish","hentry"],"_links":{"self":[{"href":"https:\/\/teams.issibern.ch\/upstreammesoscaletransients\/wp-json\/wp\/v2\/pages\/24","targetHints":{"allow":["GET"]}}],"collection":[{"href":"https:\/\/teams.issibern.ch\/upstreammesoscaletransients\/wp-json\/wp\/v2\/pages"}],"about":[{"href":"https:\/\/teams.issibern.ch\/upstreammesoscaletransients\/wp-json\/wp\/v2\/types\/page"}],"author":[{"embeddable":true,"href":"https:\/\/teams.issibern.ch\/upstreammesoscaletransients\/wp-json\/wp\/v2\/users\/58"}],"replies":[{"embeddable":true,"href":"https:\/\/teams.issibern.ch\/upstreammesoscaletransients\/wp-json\/wp\/v2\/comments?post=24"}],"version-history":[{"count":40,"href":"https:\/\/teams.issibern.ch\/upstreammesoscaletransients\/wp-json\/wp\/v2\/pages\/24\/revisions"}],"predecessor-version":[{"id":152,"href":"https:\/\/teams.issibern.ch\/upstreammesoscaletransients\/wp-json\/wp\/v2\/pages\/24\/revisions\/152"}],"wp:attachment":[{"href":"https:\/\/teams.issibern.ch\/upstreammesoscaletransients\/wp-json\/wp\/v2\/media?parent=24"}],"curies":[{"name":"wp","href":"https:\/\/api.w.org\/{rel}","templated":true}]}}