{"id":5,"date":"2024-05-14T14:28:19","date_gmt":"2024-05-14T14:28:19","guid":{"rendered":"https:\/\/teams.issibern.ch\/trackingplasmaflows\/?page_id=5"},"modified":"2025-05-27T23:08:37","modified_gmt":"2025-05-27T23:08:37","slug":"team-members","status":"publish","type":"page","link":"https:\/\/teams.issibern.ch\/trackingplasmaflows\/team-members\/","title":{"rendered":"Team members"},"content":{"rendered":"<p>Andr\u00e9s Asensio Ramos, Instituto de Astrof\u00edsica de Canarias , Spain<br \/>\nRapha\u00ebl Atti\u00e9, NASA\/GSFC, USA<br \/>\nCosima Breu, University of St Andrews, UK<br \/>\nSanja Danilovic, Stockholm University, Sweden<br \/>\nViktor Fedun, University of Sheffield, UK<br \/>\n<strong>Maria Kazachenko (Team Lead)<\/strong>, University of Colorado &#8211; Boulder \/ National Solar Observatory, USA<br \/>\nIvan M\u00eclic, Institute fur Sonnephysik (KIS), Germany<br \/>\nMatthias Rempel, High Altitude Observatory, USA<br \/>\nXudong Sun, University of Hawaii, USry, USA<br \/>\n<strong>Benoit Tremblay (Team Lead)<\/strong>, High Altitude Observatory, USA<br \/>\nMeetu Verma, Leibniz Institute for Astrophysics (AIP), Germany<br \/>\nBrian Welsch, University of Wisconsin &#8211; Green Bay, USA<\/p>\n<p><span style=\"text-decoration: underline\">Early Career Members:<\/span><br \/>\nDennis Tilipman, University of Colorado &#8211; Boulder, USA (1st meeting)<br \/>\nTeodor Kostic, Institute fur Sonnephysik (KIS), Germany<br \/>\nJiayi Liu, University of Hawaii, USA<\/p>\n<p><img loading=\"lazy\" decoding=\"async\" class=\"alignnone wp-image-26\" src=\"https:\/\/teams.issibern.ch\/trackingplasmaflows\/wp-content\/uploads\/sites\/109\/2024\/05\/ISSI_team_flows_Tremblay_Kazachenko_05142024-300x225.jpg\" alt=\"ISSI Flows Team\" width=\"642\" height=\"482\" srcset=\"https:\/\/teams.issibern.ch\/trackingplasmaflows\/wp-content\/uploads\/sites\/109\/2024\/05\/ISSI_team_flows_Tremblay_Kazachenko_05142024-300x225.jpg 300w, https:\/\/teams.issibern.ch\/trackingplasmaflows\/wp-content\/uploads\/sites\/109\/2024\/05\/ISSI_team_flows_Tremblay_Kazachenko_05142024-1024x768.jpg 1024w, https:\/\/teams.issibern.ch\/trackingplasmaflows\/wp-content\/uploads\/sites\/109\/2024\/05\/ISSI_team_flows_Tremblay_Kazachenko_05142024-768x576.jpg 768w, https:\/\/teams.issibern.ch\/trackingplasmaflows\/wp-content\/uploads\/sites\/109\/2024\/05\/ISSI_team_flows_Tremblay_Kazachenko_05142024-1536x1152.jpg 1536w, https:\/\/teams.issibern.ch\/trackingplasmaflows\/wp-content\/uploads\/sites\/109\/2024\/05\/ISSI_team_flows_Tremblay_Kazachenko_05142024-2048x1536.jpg 2048w\" sizes=\"auto, (max-width: 642px) 100vw, 642px\" \/><\/p>\n","protected":false},"excerpt":{"rendered":"<p>Andr\u00e9s Asensio Ramos, Instituto de Astrof\u00edsica de Canarias , Spain Rapha\u00ebl Atti\u00e9, NASA\/GSFC, USA Cosima Breu, University of St Andrews, UK Sanja Danilovic, Stockholm University, Sweden Viktor Fedun, University of Sheffield, UK Maria Kazachenko (Team Lead), University of Colorado &#8211; Boulder \/ National Solar Observatory, USA Ivan M\u00eclic, Institute fur Sonnephysik (KIS), Germany Matthias Rempel, [&hellip;]<\/p>\n","protected":false},"author":1,"featured_media":0,"parent":0,"menu_order":0,"comment_status":"closed","ping_status":"closed","template":"","meta":{"footnotes":""},"class_list":["post-5","page","type-page","status-publish","hentry"],"_links":{"self":[{"href":"https:\/\/teams.issibern.ch\/trackingplasmaflows\/wp-json\/wp\/v2\/pages\/5","targetHints":{"allow":["GET"]}}],"collection":[{"href":"https:\/\/teams.issibern.ch\/trackingplasmaflows\/wp-json\/wp\/v2\/pages"}],"about":[{"href":"https:\/\/teams.issibern.ch\/trackingplasmaflows\/wp-json\/wp\/v2\/types\/page"}],"author":[{"embeddable":true,"href":"https:\/\/teams.issibern.ch\/trackingplasmaflows\/wp-json\/wp\/v2\/users\/1"}],"replies":[{"embeddable":true,"href":"https:\/\/teams.issibern.ch\/trackingplasmaflows\/wp-json\/wp\/v2\/comments?post=5"}],"version-history":[{"count":7,"href":"https:\/\/teams.issibern.ch\/trackingplasmaflows\/wp-json\/wp\/v2\/pages\/5\/revisions"}],"predecessor-version":[{"id":35,"href":"https:\/\/teams.issibern.ch\/trackingplasmaflows\/wp-json\/wp\/v2\/pages\/5\/revisions\/35"}],"wp:attachment":[{"href":"https:\/\/teams.issibern.ch\/trackingplasmaflows\/wp-json\/wp\/v2\/media?parent=5"}],"curies":[{"name":"wp","href":"https:\/\/api.w.org\/{rel}","templated":true}]}}