{"id":14,"date":"2022-06-02T12:21:15","date_gmt":"2022-06-02T11:21:15","guid":{"rendered":"https:\/\/teams.issibern.ch\/seismicityonvenus\/?page_id=14"},"modified":"2024-09-18T14:28:22","modified_gmt":"2024-09-18T13:28:22","slug":"team-members","status":"publish","type":"page","link":"https:\/\/teams.issibern.ch\/seismicityonvenus\/team-members\/","title":{"rendered":"Team members"},"content":{"rendered":"<h4>Core Team<\/h4>\n<table style=\"width:80%\">\n<tr>\n<td style=\"width:35%\">Iris van Zelst (Team leader)<\/td>\n<td style=\"width:45%\">German Aerospace Center<\/td>\n<td>Germany<\/td>\n<\/tr>\n<tr>\n<td>Barbara De Toffoli<\/td>\n<td>INAF-IAPS \/ University of Padova<\/td>\n<td>Italy<\/td>\n<\/tr>\n<tr>\n<td>Rapha\u00ebl Garcia<\/td>\n<td>ISAE-SUPAERO<\/td>\n<td>France<\/td>\n<\/tr>\n<tr>\n<td>Richard Ghail<\/td>\n<td>Royal Holloway, University of London<\/td>\n<td>United Kingdom<\/td>\n<\/tr>\n<tr>\n<td>Anna Horleston<\/td>\n<td>University of Bristol<\/td>\n<td>United Kingdom<\/td>\n<\/tr>\n<tr>\n<td>Taichi Kawamura<\/td>\n<td>IPGP \/ Universit\u00e9 Paris Cit\u00e9<\/td>\n<td>France<\/td>\n<\/tr>\n<tr>\n<td>Maxence Lefevre<\/td>\n<td>LATMOS<\/td>\n<td>France<\/td>\n<\/tr>\n<tr>\n<td>Philippe Lognonn\u00e9<\/td>\n<td>IPGP \/ Universit\u00e9 Paris Cit\u00e9<\/td>\n<td>France<\/td>\n<\/tr>\n<tr>\n<td>Julia Maia<\/td>\n<td>Observatoire de la C\u00f4te d&#8217;Azur<\/td>\n<td>France<\/td>\n<\/tr>\n<tr>\n<td><\/td>\n<td>Now at: German Aerospace Center<\/td>\n<td>Germany<\/td>\n<\/tr>\n<tr>\n<td>Sven Peter N\u00e4sholm<\/td>\n<td>University of Oslo<\/td>\n<td>Norway<\/td>\n<\/tr>\n<tr>\n<td>Mark Panning<\/td>\n<td>JPL \/ California Institute of Technology<\/td>\n<td>USA<\/td>\n<\/tr>\n<tr>\n<td>Ana-Catalina Plesa<\/td>\n<td>German Aerospace Center<\/td>\n<td>Germany<\/td>\n<\/tr>\n<tr>\n<td>Leah Sabbeth<\/td>\n<td>JPL \/ California Institute of Technology<\/td>\n<td>USA<\/td>\n<\/tr>\n<tr>\n<td>Simon St\u00e4hler<\/td>\n<td>ETH Z\u00fcrich<\/td>\n<td>Switzerland<\/td>\n<\/tr>\n<\/table>\n<h4>Associated Early Career Scientists<\/h4>\n<table style=\"width:80%\">\n<tr style=\"width:40%\">\n<td style=\"width:35%\">Anna G\u00fclcher<\/td>\n<td style=\"width:45%\">ETH Z\u00fcrich<\/td>\n<td>Switzerland<\/td>\n<\/tr>\n<tr style=\"width:40%\">\n<td style=\"width:35%\"><\/td>\n<td style=\"width:45%\">Now at: JPL \/ California Institute of Technology<\/td>\n<td>USA<\/td>\n<\/tr>\n<tr>\n<td>Connor Hoad<\/td>\n<td>Royal Holloway, University of London<\/td>\n<td>UK<\/td>\n<\/tr>\n<tr>\n<td>Sara Klaasen<\/td>\n<td>ETH Z\u00fcrich<\/td>\n<td>Switzerland<\/td>\n<\/tr>\n<tr>\n<td>Poppy McVann<\/td>\n<td>Royal Holloway, University of London<\/td>\n<td>UK<\/td>\n<\/tr>\n<tr>\n<td>Krystyna Smolinski<\/td>\n<td>ETH Z\u00fcrich<\/td>\n<td>Switzerland<\/td>\n<\/tr>\n<tr>\n<td>Celine Solberg<\/td>\n<td>University of Oslo<\/td>\n<td>Norway<\/td>\n<\/tr>\n<\/table>\n<h4>Collaborators<\/h4>\n<table style=\"width:80%\">\n<tr style=\"width:40%\">\n<td style=\"width:35%\">Fabio Crameri<\/td>\n<td style=\"width:45%\">ISSI<\/td>\n<td>Switzerland<\/td>\n<\/tr>\n<tr style=\"width:40%\">\n<td style=\"width:35%\">Quentin Brissaud<\/td>\n<td style=\"width:45%\">NORSAR<\/td>\n<td>Norway<\/td>\n<\/tr>\n<tr>\n<td>Robert Herrick<\/td>\n<td>University of Alaska Fairbanks<\/td>\n<td>USA<\/td>\n<\/tr>\n<\/table>\n<h4>Former Team Members<\/h4>\n<table style=\"width:80%\">\n<tr style=\"width:40%\">\n<td style=\"width:35%\">Andreas Fichtner<\/td>\n<td style=\"width:45%\">ETH Z\u00fcrich<\/td>\n<td>Switzerland<\/td>\n<\/tr>\n<tr>\n<td>Csilla Orgel<\/td>\n<td>ESA-ESTEC<\/td>\n<td>The Netherlands<\/td>\n<\/tr>\n<\/table>\n<p>&nbsp;<\/p>\n<p><small>Banner image by Luc\u00eda Perez-Diaz: <a target=\"_none\" href=\"https:\/\/www.luciaperezdiaz.com\" rel=\"noopener\">www.luciaperezdiaz.com<\/a><\/small><\/p>\n","protected":false},"excerpt":{"rendered":"<p>Core Team Iris van Zelst (Team leader) German Aerospace Center Germany Barbara De Toffoli INAF-IAPS \/ University of Padova Italy Rapha\u00ebl Garcia ISAE-SUPAERO France Richard Ghail Royal Holloway, University of London United Kingdom Anna Horleston University of Bristol United Kingdom Taichi Kawamura IPGP \/ Universit\u00e9 Paris Cit\u00e9 France Maxence Lefevre LATMOS France Philippe Lognonn\u00e9 IPGP [&hellip;]<\/p>\n","protected":false},"author":45,"featured_media":0,"parent":0,"menu_order":0,"comment_status":"closed","ping_status":"closed","template":"","meta":{"footnotes":""},"class_list":["post-14","page","type-page","status-publish","hentry"],"_links":{"self":[{"href":"https:\/\/teams.issibern.ch\/seismicityonvenus\/wp-json\/wp\/v2\/pages\/14","targetHints":{"allow":["GET"]}}],"collection":[{"href":"https:\/\/teams.issibern.ch\/seismicityonvenus\/wp-json\/wp\/v2\/pages"}],"about":[{"href":"https:\/\/teams.issibern.ch\/seismicityonvenus\/wp-json\/wp\/v2\/types\/page"}],"author":[{"embeddable":true,"href":"https:\/\/teams.issibern.ch\/seismicityonvenus\/wp-json\/wp\/v2\/users\/45"}],"replies":[{"embeddable":true,"href":"https:\/\/teams.issibern.ch\/seismicityonvenus\/wp-json\/wp\/v2\/comments?post=14"}],"version-history":[{"count":22,"href":"https:\/\/teams.issibern.ch\/seismicityonvenus\/wp-json\/wp\/v2\/pages\/14\/revisions"}],"predecessor-version":[{"id":389,"href":"https:\/\/teams.issibern.ch\/seismicityonvenus\/wp-json\/wp\/v2\/pages\/14\/revisions\/389"}],"wp:attachment":[{"href":"https:\/\/teams.issibern.ch\/seismicityonvenus\/wp-json\/wp\/v2\/media?parent=14"}],"curies":[{"name":"wp","href":"https:\/\/api.w.org\/{rel}","templated":true}]}}