{"id":6,"date":"2025-03-25T13:43:55","date_gmt":"2025-03-25T13:43:55","guid":{"rendered":"https:\/\/teams.issibern.ch\/multiphaseoutflows\/?page_id=6"},"modified":"2026-05-01T07:26:40","modified_gmt":"2026-05-01T07:26:40","slug":"sample-page","status":"publish","type":"page","link":"https:\/\/teams.issibern.ch\/multiphaseoutflows\/sample-page\/","title":{"rendered":"Members"},"content":{"rendered":"<table style=\"width: 100.69%;border-collapse: collapse;height: 167px\" cellspacing=\"0\" cellpadding=\"0\">\n<tbody>\n<tr>\n<td style=\"width: 33.3333%\"><strong>Name<\/strong><\/td>\n<td style=\"width: 33.3333%\"><strong>Institution<\/strong><\/td>\n<td style=\"width: 33.3333%\"><strong>Country<\/strong><\/td>\n<\/tr>\n<tr>\n<td style=\"width: 33.3333%\">Sirio Belli (team leader)<br \/>\nFrancesco Bollati<br \/>\nVanessa Brown<br \/>\nLetizia Bugiani<br \/>\nRebecca Davies (team leader)<br \/>\nAmir Khoram<br \/>\nMinju Lee<br \/>\nGabriel Maheson<br \/>\nTrevor Mendel<br \/>\nMinjung Park<br \/>\nMatteo Sapori<br \/>\nSandro Tacchella<br \/>\nRainer Weinberger<br \/>\nAnita Zanella<\/td>\n<td style=\"width: 33.3333%\">Universit\u00e0 di Bologna<br \/>\nLeibniz Institute for Astrophysics<br \/>\nUniversity of Colorado Boulder<br \/>\nUniversit\u00e0 di Bologna<br \/>\nSwinburne University<br \/>\nUniversit\u00e0 di Bologna<br \/>\nUniversity of Copenhagen<br \/>\nUniversity of Cambridge<br \/>\nAustralian National University<br \/>\nHarvard University<br \/>\nUniversit\u00e0 di Bologna<br \/>\nUniversity of Cambridge<br \/>\nLeibniz Institute for Astrophysics<br \/>\nIstituto Nazionale di Astrofisica<\/td>\n<td style=\"width: 33.3333%\">Italy<br \/>\nGermany<br \/>\nUSA<br \/>\nItaly<br \/>\nAustralia<br \/>\nItaly<br \/>\nDenmark<br \/>\nUK<br \/>\nAustralia<br \/>\nUSA<br \/>\nItaly<br \/>\nUK<br \/>\nGermany<br \/>\nItaly<\/td>\n<\/tr>\n<\/tbody>\n<\/table>\n<p>&nbsp;<\/p>\n","protected":false},"excerpt":{"rendered":"<p>Name Institution Country Sirio Belli (team leader) Francesco Bollati Vanessa Brown Letizia Bugiani Rebecca Davies (team leader) Amir Khoram Minju Lee Gabriel Maheson Trevor Mendel Minjung Park Matteo Sapori Sandro Tacchella Rainer Weinberger Anita Zanella Universit\u00e0 di Bologna Leibniz Institute for Astrophysics University of Colorado Boulder Universit\u00e0 di Bologna Swinburne University Universit\u00e0 di Bologna University [&hellip;]<\/p>\n","protected":false},"author":1,"featured_media":0,"parent":0,"menu_order":0,"comment_status":"closed","ping_status":"closed","template":"","meta":{"footnotes":""},"class_list":["post-6","page","type-page","status-publish","hentry"],"_links":{"self":[{"href":"https:\/\/teams.issibern.ch\/multiphaseoutflows\/wp-json\/wp\/v2\/pages\/6","targetHints":{"allow":["GET"]}}],"collection":[{"href":"https:\/\/teams.issibern.ch\/multiphaseoutflows\/wp-json\/wp\/v2\/pages"}],"about":[{"href":"https:\/\/teams.issibern.ch\/multiphaseoutflows\/wp-json\/wp\/v2\/types\/page"}],"author":[{"embeddable":true,"href":"https:\/\/teams.issibern.ch\/multiphaseoutflows\/wp-json\/wp\/v2\/users\/1"}],"replies":[{"embeddable":true,"href":"https:\/\/teams.issibern.ch\/multiphaseoutflows\/wp-json\/wp\/v2\/comments?post=6"}],"version-history":[{"count":22,"href":"https:\/\/teams.issibern.ch\/multiphaseoutflows\/wp-json\/wp\/v2\/pages\/6\/revisions"}],"predecessor-version":[{"id":66,"href":"https:\/\/teams.issibern.ch\/multiphaseoutflows\/wp-json\/wp\/v2\/pages\/6\/revisions\/66"}],"wp:attachment":[{"href":"https:\/\/teams.issibern.ch\/multiphaseoutflows\/wp-json\/wp\/v2\/media?parent=6"}],"curies":[{"name":"wp","href":"https:\/\/api.w.org\/{rel}","templated":true}]}}