{"id":6,"date":"2023-06-21T08:09:41","date_gmt":"2023-06-21T08:09:41","guid":{"rendered":"https:\/\/teams.issibern.ch\/icymoonscryospheres\/?page_id=6"},"modified":"2024-02-18T16:48:06","modified_gmt":"2024-02-18T16:48:06","slug":"team-members","status":"publish","type":"page","link":"https:\/\/teams.issibern.ch\/icymoonscryospheres\/team-members\/","title":{"rendered":"Team members"},"content":{"rendered":"<h3>Core Members<\/h3>\n<table id=\"table1\" style=\"width: 80.73%\" border=\"0\" width=\"600\" cellspacing=\"0\" cellpadding=\"0\">\n<tbody>\n<tr>\n<td style=\"width: 40.4682%\">Julia Kowalski (Team leader)<\/td>\n<td style=\"width: 1.00334%\"><\/td>\n<td style=\"width: 39.9666%\">RWTH Aachen University<\/td>\n<td style=\"width: 1.00334%\"><\/td>\n<td style=\"width: 17.2241%\">Germany<\/td>\n<\/tr>\n<tr>\n<td style=\"width: 40.4682%\">Ana-Catalina (Ina) Plesa (Team leader)<\/td>\n<td style=\"width: 1.00334%\"><\/td>\n<td style=\"width: 39.9666%\">German Aerospace Center (DLR)<\/td>\n<td style=\"width: 1.00334%\"><\/td>\n<td style=\"width: 17.2241%\">Germany<\/td>\n<\/tr>\n<tr>\n<td style=\"width: 40.4682%\">Marc Boxberg<\/td>\n<td style=\"width: 1.00334%\"><\/td>\n<td style=\"width: 39.9666%\">RWTH Aachen University<\/td>\n<td style=\"width: 1.00334%\"><\/td>\n<td style=\"width: 17.2241%\">Germany<\/td>\n<\/tr>\n<tr>\n<td style=\"width: 40.4682%\">Jacob Buffo<\/td>\n<td style=\"width: 1.00334%\"><\/td>\n<td style=\"width: 39.9666%\">Darthmouth College<\/td>\n<td style=\"width: 1.00334%\"><\/td>\n<td style=\"width: 17.2241%\">USA<\/td>\n<\/tr>\n<tr>\n<td style=\"width: 40.4682%\">Klara Kalousova<\/td>\n<td style=\"width: 1.00334%\"><\/td>\n<td style=\"width: 39.9666%\">Charles University Prague<\/td>\n<td style=\"width: 1.00334%\"><\/td>\n<td style=\"width: 17.2241%\">Czech Republic<\/td>\n<\/tr>\n<tr>\n<td style=\"width: 40.4682%\">Johanna Kerch<\/td>\n<td style=\"width: 1.00334%\"><\/td>\n<td style=\"width: 39.9666%\">Georg-August Universit\u00e4t G\u00f6ttingen<\/td>\n<td style=\"width: 1.00334%\"><\/td>\n<td style=\"width: 17.2241%\">Germany<\/td>\n<\/tr>\n<tr>\n<td style=\"width: 40.4682%\">Mar\u00eda Gema Llorens<\/td>\n<td style=\"width: 1.00334%\"><\/td>\n<td style=\"width: 39.9666%\">Geosciences\u00a0Barcelona CSIC<\/td>\n<td style=\"width: 1.00334%\"><\/td>\n<td style=\"width: 17.2241%\">Spain<\/td>\n<\/tr>\n<tr>\n<td style=\"width: 40.4682%\">Maurine Montagnat<\/td>\n<td style=\"width: 1.00334%\"><\/td>\n<td style=\"width: 39.9666%\">Univ. Grenoble Alpes \u2013 CNRS<\/td>\n<td style=\"width: 1.00334%\"><\/td>\n<td style=\"width: 17.2241%\">France<\/td>\n<\/tr>\n<tr>\n<td style=\"width: 40.4682%\">Tina Ru\u0308ckriemen-Bez<\/td>\n<td style=\"width: 1.00334%\"><\/td>\n<td style=\"width: 39.9666%\">German Aerospace Center (DLR)<\/td>\n<td style=\"width: 1.00334%\"><\/td>\n<td style=\"width: 17.2241%\">Germany<\/td>\n<\/tr>\n<tr>\n<td style=\"width: 40.4682%\">Dustin Schroeder<\/td>\n<td style=\"width: 1.00334%\"><\/td>\n<td style=\"width: 39.9666%\">Stanford University<\/td>\n<td style=\"width: 1.00334%\"><\/td>\n<td style=\"width: 17.2241%\">USA<\/td>\n<\/tr>\n<tr>\n<td style=\"width: 40.4682%\">Christophe Sotin<\/td>\n<td style=\"width: 1.00334%\"><\/td>\n<td style=\"width: 39.9666%\">Nantes Universit\u00e9<\/td>\n<td style=\"width: 1.00334%\"><\/td>\n<td style=\"width: 17.2241%\">France<\/td>\n<\/tr>\n<tr>\n<td style=\"width: 40.4682%\">Gabriel Tobie<\/td>\n<td style=\"width: 1.00334%\"><\/td>\n<td style=\"width: 39.9666%\">Nantes Universit\u00e9<\/td>\n<td style=\"width: 1.00334%\"><\/td>\n<td style=\"width: 17.2241%\">France<\/td>\n<\/tr>\n<tr>\n<td style=\"border: 0px;width: 81.4381%\" colspan=\"3\">\n<h3>Associated Early Career Scientists<\/h3>\n<\/td>\n<td style=\"width: 1.00334%\"><\/td>\n<td style=\"width: 17.2241%\"><\/td>\n<\/tr>\n<tr>\n<td style=\"width: 40.4682%\">Anna Simson<\/td>\n<td style=\"width: 1.00334%\"><\/td>\n<td style=\"width: 39.9666%\">RWTH Aachen University<\/td>\n<td style=\"width: 1.00334%\"><\/td>\n<td style=\"width: 17.2241%\">Germany<\/td>\n<\/tr>\n<tr>\n<td style=\"width: 40.4682%\">Benjamin Terschanski<\/td>\n<td style=\"width: 1.00334%\"><\/td>\n<td style=\"width: 39.9666%\">RWTH Aachen University<\/td>\n<td style=\"width: 1.00334%\"><\/td>\n<td style=\"width: 17.2241%\">Germany<\/td>\n<\/tr>\n<tr>\n<td style=\"width: 40.4682%\">Natalie Wolfenbarger<\/td>\n<td style=\"width: 1.00334%\"><\/td>\n<td style=\"width: 39.9666%\">Stanford University<\/td>\n<td style=\"width: 1.00334%\"><\/td>\n<td style=\"width: 17.2241%\">USA<\/td>\n<\/tr>\n<tr>\n<td style=\"width: 81.4381%\" colspan=\"3\">\n<h3>External Experts<\/h3>\n<\/td>\n<td style=\"width: 1.00334%\"><\/td>\n<td style=\"width: 17.2241%\"><\/td>\n<\/tr>\n<tr>\n<td style=\"width: 40.4682%\">Soroush Motahari<\/td>\n<td style=\"width: 1.00334%\"><\/td>\n<td style=\"width: 39.9666%\">Max Planck Institute for Iron Research<\/td>\n<td style=\"width: 1.00334%\"><\/td>\n<td style=\"width: 17.2241%\">Germany<\/td>\n<\/tr>\n<tr>\n<td style=\"width: 40.4682%\">Mark Fox-Powell<\/td>\n<td style=\"width: 1.00334%\"><\/td>\n<td style=\"width: 39.9666%\">Open University<\/td>\n<td style=\"width: 1.00334%\"><\/td>\n<td style=\"width: 17.2241%\">UK<\/td>\n<\/tr>\n<tr>\n<td style=\"width: 40.4682%\">Katrin Stephan<\/td>\n<td style=\"width: 1.00334%\"><\/td>\n<td style=\"width: 39.9666%\">German Aerospace Center (DLR)<\/td>\n<td style=\"width: 1.00334%\"><\/td>\n<td style=\"width: 17.2241%\">Germany<\/td>\n<\/tr>\n<\/tbody>\n<\/table>\n<p>&nbsp;<\/p>\n<p><span style=\"font-size: 10pt\">Banner image by Benjamin Terschanski<\/span><\/p>\n","protected":false},"excerpt":{"rendered":"<p>Core Members Julia Kowalski (Team leader) RWTH Aachen University Germany Ana-Catalina (Ina) Plesa (Team leader) German Aerospace Center (DLR) Germany Marc Boxberg RWTH Aachen University Germany Jacob Buffo Darthmouth College USA Klara Kalousova Charles University Prague Czech Republic Johanna Kerch Georg-August Universit\u00e4t G\u00f6ttingen Germany Mar\u00eda Gema Llorens Geosciences\u00a0Barcelona CSIC Spain Maurine Montagnat Univ. Grenoble Alpes [&hellip;]<\/p>\n","protected":false},"author":1,"featured_media":0,"parent":0,"menu_order":0,"comment_status":"closed","ping_status":"closed","template":"","meta":{"footnotes":""},"class_list":["post-6","page","type-page","status-publish","hentry"],"_links":{"self":[{"href":"https:\/\/teams.issibern.ch\/icymoonscryospheres\/wp-json\/wp\/v2\/pages\/6","targetHints":{"allow":["GET"]}}],"collection":[{"href":"https:\/\/teams.issibern.ch\/icymoonscryospheres\/wp-json\/wp\/v2\/pages"}],"about":[{"href":"https:\/\/teams.issibern.ch\/icymoonscryospheres\/wp-json\/wp\/v2\/types\/page"}],"author":[{"embeddable":true,"href":"https:\/\/teams.issibern.ch\/icymoonscryospheres\/wp-json\/wp\/v2\/users\/1"}],"replies":[{"embeddable":true,"href":"https:\/\/teams.issibern.ch\/icymoonscryospheres\/wp-json\/wp\/v2\/comments?post=6"}],"version-history":[{"count":19,"href":"https:\/\/teams.issibern.ch\/icymoonscryospheres\/wp-json\/wp\/v2\/pages\/6\/revisions"}],"predecessor-version":[{"id":149,"href":"https:\/\/teams.issibern.ch\/icymoonscryospheres\/wp-json\/wp\/v2\/pages\/6\/revisions\/149"}],"wp:attachment":[{"href":"https:\/\/teams.issibern.ch\/icymoonscryospheres\/wp-json\/wp\/v2\/media?parent=6"}],"curies":[{"name":"wp","href":"https:\/\/api.w.org\/{rel}","templated":true}]}}