{"id":15,"date":"2023-02-17T14:35:20","date_gmt":"2023-02-17T14:35:20","guid":{"rendered":"https:\/\/teams.issibern.ch\/heliosphericenergybudget\/?page_id=15"},"modified":"2024-01-26T16:35:11","modified_gmt":"2024-01-26T16:35:11","slug":"publications","status":"publish","type":"page","link":"https:\/\/teams.issibern.ch\/heliosphericenergybudget\/publications\/","title":{"rendered":"Publications"},"content":{"rendered":"<p>(team members in bold)<\/p>\n<ul>\n<li>Ilya V. Kuzichev, <strong>Ivan Y. Vasko<\/strong>, Anton V. Artemyev, Stuart D. Bale, and Forrest S. Mozer (2023),<br \/>\nParticle-in-Cell Simulations of Sunward and Anti-sunward Whistler Waves in the Solar Wind, The Astrophysical Journal, doi: 10.3847\/1538-4357\/acfd28<\/li>\n<li><strong>Pierrard V<\/strong>., P\u00e9ters de Bonhome M., <strong>Halekas J<\/strong>., Audoor C., <strong>Whittlesey P<\/strong>. and Livi R., Exospheric Solar Wind Model Based on Regularized Kappa Distributions for the Electrons Constrained by Parker Solar Probe Observations, Plasma, 6, 518\u2013540, 29 June 2023. <a href=\"https:\/\/doi.org\/10.3390\/plasma6030036\">https:\/\/doi.org\/10.3390\/plasma6030036<\/a><\/li>\n<li><strong>Verscharen D<\/strong>, Chandran BDG, <strong>Boella E, Halekas J, Innocenti ME, Jagarlamudi VK, Micera A, Pierrard V, \u0160tver\u00e1k \u0160, Vasko IY, Velli M and Whittlesey PL<\/strong> (2022) Electron-Driven Instabilities in the Solar Wind. Front. Astron. Space Sci. 9:951628. doi: 10.3389\/fspas.2022.951628<\/li>\n<li><strong>Pierrard V<\/strong>., M. Lazar, <strong>S. Stverak<\/strong>, Implications of the Kappa Suprathermal Halo of the Solar Wind Electrons, Frontiers in Astronomy and Space Sciences, 9, URL=https:\/\/www.frontiersin.org\/article\/10.3389\/fspas.2022.892236, DOI=10.3389\/fspas.2022.892236, ISSN=2296-987X, 2022<\/li>\n<li><strong>Halekas, J. S., Whittlesey<\/strong>, P., Larson, D. E., Maksimovic, M., Livi, R., Berthomier, M., &#8230; &amp; Pulupa, M. P. (2022). The radial evolution of the solar wind as organized by electron distribution parameters. The Astrophysical Journal, 936(1), 53.<\/li>\n<li>Abraham, J. B., <strong>Verscharen, D<\/strong>., Wicks, R. T., Agudelo Rueda, J. A., Owen, C. J., Nicolaou, G., and Jeong, S.-Y.: Thermal Energy Budget of Electrons in the Inner Heliosphere: Parker Solar Probe Observations, Astrophys. J. 941, 145, 2022, doi: 10.3847\/1538-4357\/ac9fd8<\/li>\n<li>Jeong, S.-Y., Abraham, J. B., <strong>Verscharen, D<\/strong>., <strong>Ber\u010di\u010d, L.<\/strong>, Stansby, D., Nicolaou, G., Owen, C. J., Wicks, R. T., Fazakerley, A. N., Agudelo Rueda, J. A., and Bakrania, M. R.: The Stability of the Electron Strahl against the Oblique Fast-magnetosonic\/Whistler Instability in the Inner Heliosphere, Astrophys. J. Lett. 926, L26, 2022, doi: 10.3847\/2041-8213\/ac4dff<\/li>\n<li>Gonzalez C., <strong>Innocenti, ME, Tenerani A<\/strong>, Particle-in-cell simulations of Alfv\\&#8217;en wave parametric decay in a low-beta plasma, Journal of Plasma Physics, 2023 (accepted)<\/li>\n<li>Page, B., <strong>Vasko, I. Y.<\/strong>, Artemyev, A. V., &amp; Bale, S. D. (2021). Generation of high-frequency whistler waves in the Earth\u2019s quasi-perpendicular bow shock. <i>The Astrophysical Journal Letters<\/i>, <i>919<\/i>(2), L17.<\/li>\n<\/ul>\n","protected":false},"excerpt":{"rendered":"<p>(team members in bold) Ilya V. Kuzichev, Ivan Y. Vasko, Anton V. Artemyev, Stuart D. Bale, and Forrest S. Mozer (2023), Particle-in-Cell Simulations of Sunward and Anti-sunward Whistler Waves in the Solar Wind, The Astrophysical Journal, doi: 10.3847\/1538-4357\/acfd28 Pierrard V., P\u00e9ters de Bonhome M., Halekas J., Audoor C., Whittlesey P. and Livi R., Exospheric Solar [&hellip;]<\/p>\n","protected":false},"author":1,"featured_media":0,"parent":0,"menu_order":0,"comment_status":"closed","ping_status":"closed","template":"","meta":{"footnotes":""},"class_list":["post-15","page","type-page","status-publish","hentry"],"_links":{"self":[{"href":"https:\/\/teams.issibern.ch\/heliosphericenergybudget\/wp-json\/wp\/v2\/pages\/15","targetHints":{"allow":["GET"]}}],"collection":[{"href":"https:\/\/teams.issibern.ch\/heliosphericenergybudget\/wp-json\/wp\/v2\/pages"}],"about":[{"href":"https:\/\/teams.issibern.ch\/heliosphericenergybudget\/wp-json\/wp\/v2\/types\/page"}],"author":[{"embeddable":true,"href":"https:\/\/teams.issibern.ch\/heliosphericenergybudget\/wp-json\/wp\/v2\/users\/1"}],"replies":[{"embeddable":true,"href":"https:\/\/teams.issibern.ch\/heliosphericenergybudget\/wp-json\/wp\/v2\/comments?post=15"}],"version-history":[{"count":6,"href":"https:\/\/teams.issibern.ch\/heliosphericenergybudget\/wp-json\/wp\/v2\/pages\/15\/revisions"}],"predecessor-version":[{"id":50,"href":"https:\/\/teams.issibern.ch\/heliosphericenergybudget\/wp-json\/wp\/v2\/pages\/15\/revisions\/50"}],"wp:attachment":[{"href":"https:\/\/teams.issibern.ch\/heliosphericenergybudget\/wp-json\/wp\/v2\/media?parent=15"}],"curies":[{"name":"wp","href":"https:\/\/api.w.org\/{rel}","templated":true}]}}