{"id":19,"date":"2022-04-08T13:19:59","date_gmt":"2022-04-08T13:19:59","guid":{"rendered":"https:\/\/teams.issibern.ch\/3doceancolor\/?page_id=19"},"modified":"2023-12-19T09:35:40","modified_gmt":"2023-12-19T09:35:40","slug":"members","status":"publish","type":"page","link":"https:\/\/teams.issibern.ch\/3doceancolor\/members\/","title":{"rendered":"Members"},"content":{"rendered":"<p><strong>CORE TEAM<\/strong><\/p>\n<p>Kelsey Bisson, Oregon State University, USA<\/p>\n<p>Peng Chen, Second Institute of Oceanography, China<\/p>\n<p>Davide Dionisi, CNR, Italy (International Team co-Leader)<\/p>\n<p>Paolo Di Girolamo, Universit\u00e0 della Basilicata, Italy<\/p>\n<p>Yongxiang Hu, NASA Langley Center, USA<\/p>\n<p>C\u00e9dric Jamet, LOG, Universit\u00e9 du Littoral-C\u00f4te d&#8217;Opale, France (International Team Leader)<\/p>\n<p>Dong Liu, Zhejiang University, China<\/p>\n<p>Xiaomei Lu, NASA Langley Center, USA<\/p>\n<p>Iwona S. Stachlewska, University of Warsaw, Faculty of Physics, Poland<\/p>\n<p>Sayoob Vadakke-Chanat, LOG, Universit\u00e9 du Littoral-C\u00f4te d&#8217;Opale, France<\/p>\n<p><strong>EARLY CAREER SCIENTISTS<\/strong><\/p>\n<p>Brian Collister, NASA Langley Center, USA<\/p>\n<p>Siqi Zhang, Second Institute of Oceanography, China<\/p>\n<p>Zhenhua Zhang, Southern Marine Science and Engineering Guangdong Laboratory, China<\/p>\n<p>Yudi Zhou, Zhejiang University, China<\/p>\n","protected":false},"excerpt":{"rendered":"<p>CORE TEAM Kelsey Bisson, Oregon State University, USA Peng Chen, Second Institute of Oceanography, China Davide Dionisi, CNR, Italy (International Team co-Leader) Paolo Di Girolamo, Universit\u00e0 della Basilicata, Italy Yongxiang Hu, NASA Langley Center, USA C\u00e9dric Jamet, LOG, Universit\u00e9 du Littoral-C\u00f4te d&#8217;Opale, France (International Team Leader) Dong Liu, Zhejiang University, China Xiaomei Lu, NASA Langley [&hellip;]<\/p>\n","protected":false},"author":32,"featured_media":0,"parent":0,"menu_order":0,"comment_status":"closed","ping_status":"closed","template":"","meta":{"footnotes":""},"class_list":["post-19","page","type-page","status-publish","hentry"],"_links":{"self":[{"href":"https:\/\/teams.issibern.ch\/3doceancolor\/wp-json\/wp\/v2\/pages\/19","targetHints":{"allow":["GET"]}}],"collection":[{"href":"https:\/\/teams.issibern.ch\/3doceancolor\/wp-json\/wp\/v2\/pages"}],"about":[{"href":"https:\/\/teams.issibern.ch\/3doceancolor\/wp-json\/wp\/v2\/types\/page"}],"author":[{"embeddable":true,"href":"https:\/\/teams.issibern.ch\/3doceancolor\/wp-json\/wp\/v2\/users\/32"}],"replies":[{"embeddable":true,"href":"https:\/\/teams.issibern.ch\/3doceancolor\/wp-json\/wp\/v2\/comments?post=19"}],"version-history":[{"count":4,"href":"https:\/\/teams.issibern.ch\/3doceancolor\/wp-json\/wp\/v2\/pages\/19\/revisions"}],"predecessor-version":[{"id":32,"href":"https:\/\/teams.issibern.ch\/3doceancolor\/wp-json\/wp\/v2\/pages\/19\/revisions\/32"}],"wp:attachment":[{"href":"https:\/\/teams.issibern.ch\/3doceancolor\/wp-json\/wp\/v2\/media?parent=19"}],"curies":[{"name":"wp","href":"https:\/\/api.w.org\/{rel}","templated":true}]}}